{"id":11388,"date":"2019-09-30T11:51:48","date_gmt":"2019-09-30T09:51:48","guid":{"rendered":"https:\/\/www.qrpinternational.be\/?page_id=11388"},"modified":"2024-12-23T15:47:49","modified_gmt":"2024-12-23T14:47:49","slug":"parcours-itil-4-strategic-leader","status":"publish","type":"page","link":"https:\/\/www.qrpinternational.be\/fr\/formations\/formation-et-certification-itil-v4\/parcours-itil-4-strategic-leader\/","title":{"rendered":"ITIL 4 Strategic Leader"},"content":{"rendered":"","protected":false},"excerpt":{"rendered":"","protected":false},"author":1,"featured_media":0,"parent":9885,"menu_order":185,"comment_status":"closed","ping_status":"closed","template":"method_template.php","meta":{"_acf_changed":false,"footnotes":""},"class_list":["post-11388","page","type-page","status-publish","hentry"],"acf":[],"yoast_head":"<!-- This site is optimized with the Yoast SEO plugin v25.0 - https:\/\/yoast.com\/wordpress\/plugins\/seo\/ -->\n<title>Parcours ITIL 4 Strategic Leader (ITIL SL) | QRP Belgium<\/title>\n<meta name=\"description\" content=\"Vous \u00eates certifi\u00e9s ITIL 4 Foundation et vous souhaitez continuer votre parcours ITIL ? D\u00e9couvrez le parcours ITIL Strategic Leader (ITIL SL) !\" \/>\n<meta name=\"robots\" content=\"index, follow, max-snippet:-1, max-image-preview:large, max-video-preview:-1\" \/>\n<link rel=\"canonical\" href=\"https:\/\/www.qrpinternational.be\/fr\/formations\/formation-et-certification-itil-v4\/parcours-itil-4-strategic-leader\/\" \/>\n<meta property=\"og:locale\" content=\"fr_FR\" \/>\n<meta property=\"og:type\" content=\"article\" \/>\n<meta property=\"og:title\" content=\"Parcours ITIL 4 Strategic Leader (ITIL SL) | QRP Belgium\" \/>\n<meta property=\"og:description\" content=\"Vous \u00eates certifi\u00e9s ITIL 4 Foundation et vous souhaitez continuer votre parcours ITIL ? D\u00e9couvrez le parcours ITIL Strategic Leader (ITIL SL) !\" \/>\n<meta property=\"og:url\" content=\"https:\/\/www.qrpinternational.be\/fr\/formations\/formation-et-certification-itil-v4\/parcours-itil-4-strategic-leader\/\" \/>\n<meta property=\"og:site_name\" content=\"Belgium\" \/>\n<meta property=\"article:modified_time\" content=\"2024-12-23T14:47:49+00:00\" \/>\n<meta name=\"twitter:card\" content=\"summary_large_image\" \/>\n<script type=\"application\/ld+json\" class=\"yoast-schema-graph\">{\"@context\":\"https:\/\/schema.org\",\"@graph\":[{\"@type\":\"WebPage\",\"@id\":\"https:\/\/www.qrpinternational.be\/fr\/formations\/formation-et-certification-itil-v4\/parcours-itil-4-strategic-leader\/\",\"url\":\"https:\/\/www.qrpinternational.be\/fr\/formations\/formation-et-certification-itil-v4\/parcours-itil-4-strategic-leader\/\",\"name\":\"Parcours ITIL 4 Strategic Leader (ITIL SL) | QRP Belgium\",\"isPartOf\":{\"@id\":\"https:\/\/www.qrpinternational.be\/#website\"},\"datePublished\":\"2019-09-30T09:51:48+00:00\",\"dateModified\":\"2024-12-23T14:47:49+00:00\",\"description\":\"Vous \u00eates certifi\u00e9s ITIL 4 Foundation et vous souhaitez continuer votre parcours ITIL ? D\u00e9couvrez le parcours ITIL Strategic Leader (ITIL SL) !\",\"breadcrumb\":{\"@id\":\"https:\/\/www.qrpinternational.be\/fr\/formations\/formation-et-certification-itil-v4\/parcours-itil-4-strategic-leader\/#breadcrumb\"},\"inLanguage\":\"fr-FR\",\"potentialAction\":[{\"@type\":\"ReadAction\",\"target\":[\"https:\/\/www.qrpinternational.be\/fr\/formations\/formation-et-certification-itil-v4\/parcours-itil-4-strategic-leader\/\"]}]},{\"@type\":\"BreadcrumbList\",\"@id\":\"https:\/\/www.qrpinternational.be\/fr\/formations\/formation-et-certification-itil-v4\/parcours-itil-4-strategic-leader\/#breadcrumb\",\"itemListElement\":[{\"@type\":\"ListItem\",\"position\":1,\"name\":\"Home\",\"item\":\"https:\/\/www.qrpinternational.be\/fr\/\"},{\"@type\":\"ListItem\",\"position\":2,\"name\":\"Nos Formations\",\"item\":\"https:\/\/www.qrpinternational.be\/fr\/formations\/\"},{\"@type\":\"ListItem\",\"position\":3,\"name\":\"ITIL\",\"item\":\"https:\/\/www.qrpinternational.be\/fr\/formations\/formation-et-certification-itil-v4\/\"},{\"@type\":\"ListItem\",\"position\":4,\"name\":\"ITIL 4 Strategic Leader\"}]},{\"@type\":\"WebSite\",\"@id\":\"https:\/\/www.qrpinternational.be\/#website\",\"url\":\"https:\/\/www.qrpinternational.be\/\",\"name\":\"Belgium\",\"description\":\"Developing Professionals\",\"potentialAction\":[{\"@type\":\"SearchAction\",\"target\":{\"@type\":\"EntryPoint\",\"urlTemplate\":\"https:\/\/www.qrpinternational.be\/?s={search_term_string}\"},\"query-input\":{\"@type\":\"PropertyValueSpecification\",\"valueRequired\":true,\"valueName\":\"search_term_string\"}}],\"inLanguage\":\"fr-FR\"}]}<\/script>\n<!-- \/ Yoast SEO plugin. -->","yoast_head_json":{"title":"Parcours ITIL 4 Strategic Leader (ITIL SL) | QRP Belgium","description":"Vous \u00eates certifi\u00e9s ITIL 4 Foundation et vous souhaitez continuer votre parcours ITIL ? D\u00e9couvrez le parcours ITIL Strategic Leader (ITIL SL) !","robots":{"index":"index","follow":"follow","max-snippet":"max-snippet:-1","max-image-preview":"max-image-preview:large","max-video-preview":"max-video-preview:-1"},"canonical":"https:\/\/www.qrpinternational.be\/fr\/formations\/formation-et-certification-itil-v4\/parcours-itil-4-strategic-leader\/","og_locale":"fr_FR","og_type":"article","og_title":"Parcours ITIL 4 Strategic Leader (ITIL SL) | QRP Belgium","og_description":"Vous \u00eates certifi\u00e9s ITIL 4 Foundation et vous souhaitez continuer votre parcours ITIL ? D\u00e9couvrez le parcours ITIL Strategic Leader (ITIL SL) !","og_url":"https:\/\/www.qrpinternational.be\/fr\/formations\/formation-et-certification-itil-v4\/parcours-itil-4-strategic-leader\/","og_site_name":"Belgium","article_modified_time":"2024-12-23T14:47:49+00:00","twitter_card":"summary_large_image","schema":{"@context":"https:\/\/schema.org","@graph":[{"@type":"WebPage","@id":"https:\/\/www.qrpinternational.be\/fr\/formations\/formation-et-certification-itil-v4\/parcours-itil-4-strategic-leader\/","url":"https:\/\/www.qrpinternational.be\/fr\/formations\/formation-et-certification-itil-v4\/parcours-itil-4-strategic-leader\/","name":"Parcours ITIL 4 Strategic Leader (ITIL SL) | QRP Belgium","isPartOf":{"@id":"https:\/\/www.qrpinternational.be\/#website"},"datePublished":"2019-09-30T09:51:48+00:00","dateModified":"2024-12-23T14:47:49+00:00","description":"Vous \u00eates certifi\u00e9s ITIL 4 Foundation et vous souhaitez continuer votre parcours ITIL ? D\u00e9couvrez le parcours ITIL Strategic Leader (ITIL SL) !","breadcrumb":{"@id":"https:\/\/www.qrpinternational.be\/fr\/formations\/formation-et-certification-itil-v4\/parcours-itil-4-strategic-leader\/#breadcrumb"},"inLanguage":"fr-FR","potentialAction":[{"@type":"ReadAction","target":["https:\/\/www.qrpinternational.be\/fr\/formations\/formation-et-certification-itil-v4\/parcours-itil-4-strategic-leader\/"]}]},{"@type":"BreadcrumbList","@id":"https:\/\/www.qrpinternational.be\/fr\/formations\/formation-et-certification-itil-v4\/parcours-itil-4-strategic-leader\/#breadcrumb","itemListElement":[{"@type":"ListItem","position":1,"name":"Home","item":"https:\/\/www.qrpinternational.be\/fr\/"},{"@type":"ListItem","position":2,"name":"Nos Formations","item":"https:\/\/www.qrpinternational.be\/fr\/formations\/"},{"@type":"ListItem","position":3,"name":"ITIL","item":"https:\/\/www.qrpinternational.be\/fr\/formations\/formation-et-certification-itil-v4\/"},{"@type":"ListItem","position":4,"name":"ITIL 4 Strategic Leader"}]},{"@type":"WebSite","@id":"https:\/\/www.qrpinternational.be\/#website","url":"https:\/\/www.qrpinternational.be\/","name":"Belgium","description":"Developing Professionals","potentialAction":[{"@type":"SearchAction","target":{"@type":"EntryPoint","urlTemplate":"https:\/\/www.qrpinternational.be\/?s={search_term_string}"},"query-input":{"@type":"PropertyValueSpecification","valueRequired":true,"valueName":"search_term_string"}}],"inLanguage":"fr-FR"}]}},"_links":{"self":[{"href":"https:\/\/www.qrpinternational.be\/fr\/wp-json\/wp\/v2\/pages\/11388","targetHints":{"allow":["GET"]}}],"collection":[{"href":"https:\/\/www.qrpinternational.be\/fr\/wp-json\/wp\/v2\/pages"}],"about":[{"href":"https:\/\/www.qrpinternational.be\/fr\/wp-json\/wp\/v2\/types\/page"}],"author":[{"embeddable":true,"href":"https:\/\/www.qrpinternational.be\/fr\/wp-json\/wp\/v2\/users\/1"}],"replies":[{"embeddable":true,"href":"https:\/\/www.qrpinternational.be\/fr\/wp-json\/wp\/v2\/comments?post=11388"}],"version-history":[{"count":10,"href":"https:\/\/www.qrpinternational.be\/fr\/wp-json\/wp\/v2\/pages\/11388\/revisions"}],"predecessor-version":[{"id":46521,"href":"https:\/\/www.qrpinternational.be\/fr\/wp-json\/wp\/v2\/pages\/11388\/revisions\/46521"}],"up":[{"embeddable":true,"href":"https:\/\/www.qrpinternational.be\/fr\/wp-json\/wp\/v2\/pages\/9885"}],"wp:attachment":[{"href":"https:\/\/www.qrpinternational.be\/fr\/wp-json\/wp\/v2\/media?parent=11388"}],"curies":[{"name":"wp","href":"https:\/\/api.w.org\/{rel}","templated":true}]}}