{"id":3156,"date":"2016-12-20T15:07:43","date_gmt":"2016-12-20T14:07:43","guid":{"rendered":"https:\/\/www.qrpinternational.be\/?page_id=3156\/"},"modified":"2024-05-13T16:51:44","modified_gmt":"2024-05-13T14:51:44","slug":"certification-scrum","status":"publish","type":"page","link":"https:\/\/www.qrpinternational.be\/fr\/formations\/certification-scrum\/","title":{"rendered":"SCRUM"},"content":{"rendered":"","protected":false},"excerpt":{"rendered":"","protected":false},"author":1,"featured_media":0,"parent":9828,"menu_order":287,"comment_status":"closed","ping_status":"closed","template":"method_template.php","meta":{"_acf_changed":false,"footnotes":""},"class_list":["post-3156","page","type-page","status-publish","hentry"],"acf":[],"yoast_head":"<!-- This site is optimized with the Yoast SEO plugin v25.0 - https:\/\/yoast.com\/wordpress\/plugins\/seo\/ -->\n<title>Formation Agile Scrum bas\u00e9 sur la methodologie scrum | QRP<\/title>\n<meta name=\"description\" content=\"Suivez la formation Agile Scrum, enti\u00e8rement bas\u00e9e sur la c\u00e9l\u00e8bre methodologie Scrum. La formation Scrum comprend un examen et une certification Scrum.\" \/>\n<meta name=\"robots\" content=\"index, follow, max-snippet:-1, max-image-preview:large, max-video-preview:-1\" \/>\n<link rel=\"canonical\" href=\"https:\/\/www.qrpinternational.be\/fr\/formations\/certification-scrum\/\" \/>\n<meta property=\"og:locale\" content=\"fr_FR\" \/>\n<meta property=\"og:type\" content=\"article\" \/>\n<meta property=\"og:title\" content=\"Formation Agile Scrum bas\u00e9 sur la methodologie scrum | QRP\" \/>\n<meta property=\"og:description\" content=\"Suivez la formation Agile Scrum, enti\u00e8rement bas\u00e9e sur la c\u00e9l\u00e8bre methodologie Scrum. La formation Scrum comprend un examen et une certification Scrum.\" \/>\n<meta property=\"og:url\" content=\"https:\/\/www.qrpinternational.be\/fr\/formations\/certification-scrum\/\" \/>\n<meta property=\"og:site_name\" content=\"Belgium\" \/>\n<meta property=\"article:modified_time\" content=\"2024-05-13T14:51:44+00:00\" \/>\n<meta name=\"twitter:card\" content=\"summary_large_image\" \/>\n<script type=\"application\/ld+json\" class=\"yoast-schema-graph\">{\"@context\":\"https:\/\/schema.org\",\"@graph\":[{\"@type\":\"WebPage\",\"@id\":\"https:\/\/www.qrpinternational.be\/fr\/formations\/certification-scrum\/\",\"url\":\"https:\/\/www.qrpinternational.be\/fr\/formations\/certification-scrum\/\",\"name\":\"Formation Agile Scrum bas\u00e9 sur la methodologie scrum | QRP\",\"isPartOf\":{\"@id\":\"https:\/\/www.qrpinternational.be\/#website\"},\"datePublished\":\"2016-12-20T14:07:43+00:00\",\"dateModified\":\"2024-05-13T14:51:44+00:00\",\"description\":\"Suivez la formation Agile Scrum, enti\u00e8rement bas\u00e9e sur la c\u00e9l\u00e8bre methodologie Scrum. La formation Scrum comprend un examen et une certification Scrum.\",\"breadcrumb\":{\"@id\":\"https:\/\/www.qrpinternational.be\/fr\/formations\/certification-scrum\/#breadcrumb\"},\"inLanguage\":\"fr-FR\",\"potentialAction\":[{\"@type\":\"ReadAction\",\"target\":[\"https:\/\/www.qrpinternational.be\/fr\/formations\/certification-scrum\/\"]}]},{\"@type\":\"BreadcrumbList\",\"@id\":\"https:\/\/www.qrpinternational.be\/fr\/formations\/certification-scrum\/#breadcrumb\",\"itemListElement\":[{\"@type\":\"ListItem\",\"position\":1,\"name\":\"Home\",\"item\":\"https:\/\/www.qrpinternational.be\/fr\/\"},{\"@type\":\"ListItem\",\"position\":2,\"name\":\"Nos Formations\",\"item\":\"https:\/\/www.qrpinternational.be\/fr\/formations\/\"},{\"@type\":\"ListItem\",\"position\":3,\"name\":\"SCRUM\"}]},{\"@type\":\"WebSite\",\"@id\":\"https:\/\/www.qrpinternational.be\/#website\",\"url\":\"https:\/\/www.qrpinternational.be\/\",\"name\":\"Belgium\",\"description\":\"Developing Professionals\",\"potentialAction\":[{\"@type\":\"SearchAction\",\"target\":{\"@type\":\"EntryPoint\",\"urlTemplate\":\"https:\/\/www.qrpinternational.be\/?s={search_term_string}\"},\"query-input\":{\"@type\":\"PropertyValueSpecification\",\"valueRequired\":true,\"valueName\":\"search_term_string\"}}],\"inLanguage\":\"fr-FR\"}]}<\/script>\n<!-- \/ Yoast SEO plugin. -->","yoast_head_json":{"title":"Formation Agile Scrum bas\u00e9 sur la methodologie scrum | QRP","description":"Suivez la formation Agile Scrum, enti\u00e8rement bas\u00e9e sur la c\u00e9l\u00e8bre methodologie Scrum. La formation Scrum comprend un examen et une certification Scrum.","robots":{"index":"index","follow":"follow","max-snippet":"max-snippet:-1","max-image-preview":"max-image-preview:large","max-video-preview":"max-video-preview:-1"},"canonical":"https:\/\/www.qrpinternational.be\/fr\/formations\/certification-scrum\/","og_locale":"fr_FR","og_type":"article","og_title":"Formation Agile Scrum bas\u00e9 sur la methodologie scrum | QRP","og_description":"Suivez la formation Agile Scrum, enti\u00e8rement bas\u00e9e sur la c\u00e9l\u00e8bre methodologie Scrum. La formation Scrum comprend un examen et une certification Scrum.","og_url":"https:\/\/www.qrpinternational.be\/fr\/formations\/certification-scrum\/","og_site_name":"Belgium","article_modified_time":"2024-05-13T14:51:44+00:00","twitter_card":"summary_large_image","schema":{"@context":"https:\/\/schema.org","@graph":[{"@type":"WebPage","@id":"https:\/\/www.qrpinternational.be\/fr\/formations\/certification-scrum\/","url":"https:\/\/www.qrpinternational.be\/fr\/formations\/certification-scrum\/","name":"Formation Agile Scrum bas\u00e9 sur la methodologie scrum | QRP","isPartOf":{"@id":"https:\/\/www.qrpinternational.be\/#website"},"datePublished":"2016-12-20T14:07:43+00:00","dateModified":"2024-05-13T14:51:44+00:00","description":"Suivez la formation Agile Scrum, enti\u00e8rement bas\u00e9e sur la c\u00e9l\u00e8bre methodologie Scrum. La formation Scrum comprend un examen et une certification Scrum.","breadcrumb":{"@id":"https:\/\/www.qrpinternational.be\/fr\/formations\/certification-scrum\/#breadcrumb"},"inLanguage":"fr-FR","potentialAction":[{"@type":"ReadAction","target":["https:\/\/www.qrpinternational.be\/fr\/formations\/certification-scrum\/"]}]},{"@type":"BreadcrumbList","@id":"https:\/\/www.qrpinternational.be\/fr\/formations\/certification-scrum\/#breadcrumb","itemListElement":[{"@type":"ListItem","position":1,"name":"Home","item":"https:\/\/www.qrpinternational.be\/fr\/"},{"@type":"ListItem","position":2,"name":"Nos Formations","item":"https:\/\/www.qrpinternational.be\/fr\/formations\/"},{"@type":"ListItem","position":3,"name":"SCRUM"}]},{"@type":"WebSite","@id":"https:\/\/www.qrpinternational.be\/#website","url":"https:\/\/www.qrpinternational.be\/","name":"Belgium","description":"Developing Professionals","potentialAction":[{"@type":"SearchAction","target":{"@type":"EntryPoint","urlTemplate":"https:\/\/www.qrpinternational.be\/?s={search_term_string}"},"query-input":{"@type":"PropertyValueSpecification","valueRequired":true,"valueName":"search_term_string"}}],"inLanguage":"fr-FR"}]}},"_links":{"self":[{"href":"https:\/\/www.qrpinternational.be\/fr\/wp-json\/wp\/v2\/pages\/3156","targetHints":{"allow":["GET"]}}],"collection":[{"href":"https:\/\/www.qrpinternational.be\/fr\/wp-json\/wp\/v2\/pages"}],"about":[{"href":"https:\/\/www.qrpinternational.be\/fr\/wp-json\/wp\/v2\/types\/page"}],"author":[{"embeddable":true,"href":"https:\/\/www.qrpinternational.be\/fr\/wp-json\/wp\/v2\/users\/1"}],"replies":[{"embeddable":true,"href":"https:\/\/www.qrpinternational.be\/fr\/wp-json\/wp\/v2\/comments?post=3156"}],"version-history":[{"count":10,"href":"https:\/\/www.qrpinternational.be\/fr\/wp-json\/wp\/v2\/pages\/3156\/revisions"}],"predecessor-version":[{"id":40157,"href":"https:\/\/www.qrpinternational.be\/fr\/wp-json\/wp\/v2\/pages\/3156\/revisions\/40157"}],"up":[{"embeddable":true,"href":"https:\/\/www.qrpinternational.be\/fr\/wp-json\/wp\/v2\/pages\/9828"}],"wp:attachment":[{"href":"https:\/\/www.qrpinternational.be\/fr\/wp-json\/wp\/v2\/media?parent=3156"}],"curies":[{"name":"wp","href":"https:\/\/api.w.org\/{rel}","templated":true}]}}