{"id":3159,"date":"2016-12-20T15:09:03","date_gmt":"2016-12-20T14:09:03","guid":{"rendered":"https:\/\/www.qrpinternational.be\/?page_id=3159\/"},"modified":"2025-01-23T17:39:27","modified_gmt":"2025-01-23T16:39:27","slug":"certification-p3o","status":"publish","type":"page","link":"https:\/\/www.qrpinternational.be\/fr\/formations\/certification-p3o\/","title":{"rendered":"P3O"},"content":{"rendered":"","protected":false},"excerpt":{"rendered":"","protected":false},"author":1,"featured_media":0,"parent":9828,"menu_order":318,"comment_status":"closed","ping_status":"closed","template":"method_template.php","meta":{"_acf_changed":false,"footnotes":""},"class_list":["post-3159","page","type-page","status-publish","hentry"],"acf":[],"yoast_head":"<!-- This site is optimized with the Yoast SEO plugin v25.0 - https:\/\/yoast.com\/wordpress\/plugins\/seo\/ -->\n<title>P3O, project management office (PMO) | QRP<\/title>\n<meta name=\"description\" content=\"Construisez un PMO (Project Management Office) gr\u00e2ce \u00e0 la m\u00e9thode P3O unissant les Bonnes Pratiques de la gestion de Portefeuilles, Programmes et Projets.\" \/>\n<meta name=\"robots\" content=\"index, follow, max-snippet:-1, max-image-preview:large, max-video-preview:-1\" \/>\n<link rel=\"canonical\" href=\"https:\/\/www.qrpinternational.be\/fr\/formations\/certification-p3o\/\" \/>\n<meta property=\"og:locale\" content=\"fr_FR\" \/>\n<meta property=\"og:type\" content=\"article\" \/>\n<meta property=\"og:title\" content=\"P3O, project management office (PMO) | QRP\" \/>\n<meta property=\"og:description\" content=\"Construisez un PMO (Project Management Office) gr\u00e2ce \u00e0 la m\u00e9thode P3O unissant les Bonnes Pratiques de la gestion de Portefeuilles, Programmes et Projets.\" \/>\n<meta property=\"og:url\" content=\"https:\/\/www.qrpinternational.be\/fr\/formations\/certification-p3o\/\" \/>\n<meta property=\"og:site_name\" content=\"Belgium\" \/>\n<meta property=\"article:modified_time\" content=\"2025-01-23T16:39:27+00:00\" \/>\n<meta name=\"twitter:card\" content=\"summary_large_image\" \/>\n<script type=\"application\/ld+json\" class=\"yoast-schema-graph\">{\"@context\":\"https:\/\/schema.org\",\"@graph\":[{\"@type\":\"WebPage\",\"@id\":\"https:\/\/www.qrpinternational.be\/fr\/formations\/certification-p3o\/\",\"url\":\"https:\/\/www.qrpinternational.be\/fr\/formations\/certification-p3o\/\",\"name\":\"P3O, project management office (PMO) | QRP\",\"isPartOf\":{\"@id\":\"https:\/\/www.qrpinternational.be\/#website\"},\"datePublished\":\"2016-12-20T14:09:03+00:00\",\"dateModified\":\"2025-01-23T16:39:27+00:00\",\"description\":\"Construisez un PMO (Project Management Office) gr\u00e2ce \u00e0 la m\u00e9thode P3O unissant les Bonnes Pratiques de la gestion de Portefeuilles, Programmes et Projets.\",\"breadcrumb\":{\"@id\":\"https:\/\/www.qrpinternational.be\/fr\/formations\/certification-p3o\/#breadcrumb\"},\"inLanguage\":\"fr-FR\",\"potentialAction\":[{\"@type\":\"ReadAction\",\"target\":[\"https:\/\/www.qrpinternational.be\/fr\/formations\/certification-p3o\/\"]}]},{\"@type\":\"BreadcrumbList\",\"@id\":\"https:\/\/www.qrpinternational.be\/fr\/formations\/certification-p3o\/#breadcrumb\",\"itemListElement\":[{\"@type\":\"ListItem\",\"position\":1,\"name\":\"Home\",\"item\":\"https:\/\/www.qrpinternational.be\/fr\/\"},{\"@type\":\"ListItem\",\"position\":2,\"name\":\"Nos Formations\",\"item\":\"https:\/\/www.qrpinternational.be\/fr\/formations\/\"},{\"@type\":\"ListItem\",\"position\":3,\"name\":\"P3O\"}]},{\"@type\":\"WebSite\",\"@id\":\"https:\/\/www.qrpinternational.be\/#website\",\"url\":\"https:\/\/www.qrpinternational.be\/\",\"name\":\"Belgium\",\"description\":\"Developing Professionals\",\"potentialAction\":[{\"@type\":\"SearchAction\",\"target\":{\"@type\":\"EntryPoint\",\"urlTemplate\":\"https:\/\/www.qrpinternational.be\/?s={search_term_string}\"},\"query-input\":{\"@type\":\"PropertyValueSpecification\",\"valueRequired\":true,\"valueName\":\"search_term_string\"}}],\"inLanguage\":\"fr-FR\"}]}<\/script>\n<!-- \/ Yoast SEO plugin. -->","yoast_head_json":{"title":"P3O, project management office (PMO) | QRP","description":"Construisez un PMO (Project Management Office) gr\u00e2ce \u00e0 la m\u00e9thode P3O unissant les Bonnes Pratiques de la gestion de Portefeuilles, Programmes et Projets.","robots":{"index":"index","follow":"follow","max-snippet":"max-snippet:-1","max-image-preview":"max-image-preview:large","max-video-preview":"max-video-preview:-1"},"canonical":"https:\/\/www.qrpinternational.be\/fr\/formations\/certification-p3o\/","og_locale":"fr_FR","og_type":"article","og_title":"P3O, project management office (PMO) | QRP","og_description":"Construisez un PMO (Project Management Office) gr\u00e2ce \u00e0 la m\u00e9thode P3O unissant les Bonnes Pratiques de la gestion de Portefeuilles, Programmes et Projets.","og_url":"https:\/\/www.qrpinternational.be\/fr\/formations\/certification-p3o\/","og_site_name":"Belgium","article_modified_time":"2025-01-23T16:39:27+00:00","twitter_card":"summary_large_image","schema":{"@context":"https:\/\/schema.org","@graph":[{"@type":"WebPage","@id":"https:\/\/www.qrpinternational.be\/fr\/formations\/certification-p3o\/","url":"https:\/\/www.qrpinternational.be\/fr\/formations\/certification-p3o\/","name":"P3O, project management office (PMO) | QRP","isPartOf":{"@id":"https:\/\/www.qrpinternational.be\/#website"},"datePublished":"2016-12-20T14:09:03+00:00","dateModified":"2025-01-23T16:39:27+00:00","description":"Construisez un PMO (Project Management Office) gr\u00e2ce \u00e0 la m\u00e9thode P3O unissant les Bonnes Pratiques de la gestion de Portefeuilles, Programmes et Projets.","breadcrumb":{"@id":"https:\/\/www.qrpinternational.be\/fr\/formations\/certification-p3o\/#breadcrumb"},"inLanguage":"fr-FR","potentialAction":[{"@type":"ReadAction","target":["https:\/\/www.qrpinternational.be\/fr\/formations\/certification-p3o\/"]}]},{"@type":"BreadcrumbList","@id":"https:\/\/www.qrpinternational.be\/fr\/formations\/certification-p3o\/#breadcrumb","itemListElement":[{"@type":"ListItem","position":1,"name":"Home","item":"https:\/\/www.qrpinternational.be\/fr\/"},{"@type":"ListItem","position":2,"name":"Nos Formations","item":"https:\/\/www.qrpinternational.be\/fr\/formations\/"},{"@type":"ListItem","position":3,"name":"P3O"}]},{"@type":"WebSite","@id":"https:\/\/www.qrpinternational.be\/#website","url":"https:\/\/www.qrpinternational.be\/","name":"Belgium","description":"Developing Professionals","potentialAction":[{"@type":"SearchAction","target":{"@type":"EntryPoint","urlTemplate":"https:\/\/www.qrpinternational.be\/?s={search_term_string}"},"query-input":{"@type":"PropertyValueSpecification","valueRequired":true,"valueName":"search_term_string"}}],"inLanguage":"fr-FR"}]}},"_links":{"self":[{"href":"https:\/\/www.qrpinternational.be\/fr\/wp-json\/wp\/v2\/pages\/3159","targetHints":{"allow":["GET"]}}],"collection":[{"href":"https:\/\/www.qrpinternational.be\/fr\/wp-json\/wp\/v2\/pages"}],"about":[{"href":"https:\/\/www.qrpinternational.be\/fr\/wp-json\/wp\/v2\/types\/page"}],"author":[{"embeddable":true,"href":"https:\/\/www.qrpinternational.be\/fr\/wp-json\/wp\/v2\/users\/1"}],"replies":[{"embeddable":true,"href":"https:\/\/www.qrpinternational.be\/fr\/wp-json\/wp\/v2\/comments?post=3159"}],"version-history":[{"count":10,"href":"https:\/\/www.qrpinternational.be\/fr\/wp-json\/wp\/v2\/pages\/3159\/revisions"}],"predecessor-version":[{"id":47115,"href":"https:\/\/www.qrpinternational.be\/fr\/wp-json\/wp\/v2\/pages\/3159\/revisions\/47115"}],"up":[{"embeddable":true,"href":"https:\/\/www.qrpinternational.be\/fr\/wp-json\/wp\/v2\/pages\/9828"}],"wp:attachment":[{"href":"https:\/\/www.qrpinternational.be\/fr\/wp-json\/wp\/v2\/media?parent=3159"}],"curies":[{"name":"wp","href":"https:\/\/api.w.org\/{rel}","templated":true}]}}