{"id":3254,"date":"2016-12-20T15:40:12","date_gmt":"2016-12-20T14:40:12","guid":{"rendered":"https:\/\/www.qrpinternational.be\/?page_id=3254\/"},"modified":"2025-02-10T11:39:27","modified_gmt":"2025-02-10T10:39:27","slug":"formation-msp-practitioner","status":"publish","type":"page","link":"https:\/\/www.qrpinternational.be\/fr\/formations\/certification-msp\/formation-msp-practitioner\/","title":{"rendered":"MSP Practitioner"},"content":{"rendered":"","protected":false},"excerpt":{"rendered":"","protected":false},"author":1,"featured_media":0,"parent":3157,"menu_order":298,"comment_status":"closed","ping_status":"closed","template":"submethod_template.php","meta":{"_acf_changed":false,"footnotes":""},"class_list":["post-3254","page","type-page","status-publish","hentry"],"acf":[],"yoast_head":"<!-- This site is optimized with the Yoast SEO plugin v25.0 - https:\/\/yoast.com\/wordpress\/plugins\/seo\/ -->\n<title>Certification MSP Practitioner, gestion de programme | QRP<\/title>\n<meta name=\"description\" content=\"Appliquez les concepts de la m\u00e9thodologie MSP \u00e0 un r\u00e9el sc\u00e9nario. Formez-vous et obtenez la certification en 2 jours.\" \/>\n<meta name=\"robots\" content=\"index, follow, max-snippet:-1, max-image-preview:large, max-video-preview:-1\" \/>\n<link rel=\"canonical\" href=\"https:\/\/www.qrpinternational.be\/fr\/formations\/certification-msp\/formation-msp-practitioner\/\" \/>\n<meta property=\"og:locale\" content=\"fr_FR\" \/>\n<meta property=\"og:type\" content=\"article\" \/>\n<meta property=\"og:title\" content=\"Certification MSP Practitioner, gestion de programme | QRP\" \/>\n<meta property=\"og:description\" content=\"Appliquez les concepts de la m\u00e9thodologie MSP \u00e0 un r\u00e9el sc\u00e9nario. Formez-vous et obtenez la certification en 2 jours.\" \/>\n<meta property=\"og:url\" content=\"https:\/\/www.qrpinternational.be\/fr\/formations\/certification-msp\/formation-msp-practitioner\/\" \/>\n<meta property=\"og:site_name\" content=\"Belgium\" \/>\n<meta property=\"article:modified_time\" content=\"2025-02-10T10:39:27+00:00\" \/>\n<meta name=\"twitter:card\" content=\"summary_large_image\" \/>\n<script type=\"application\/ld+json\" class=\"yoast-schema-graph\">{\"@context\":\"https:\/\/schema.org\",\"@graph\":[{\"@type\":\"WebPage\",\"@id\":\"https:\/\/www.qrpinternational.be\/fr\/formations\/certification-msp\/formation-msp-practitioner\/\",\"url\":\"https:\/\/www.qrpinternational.be\/fr\/formations\/certification-msp\/formation-msp-practitioner\/\",\"name\":\"Certification MSP Practitioner, gestion de programme | QRP\",\"isPartOf\":{\"@id\":\"https:\/\/www.qrpinternational.be\/#website\"},\"datePublished\":\"2016-12-20T14:40:12+00:00\",\"dateModified\":\"2025-02-10T10:39:27+00:00\",\"description\":\"Appliquez les concepts de la m\u00e9thodologie MSP \u00e0 un r\u00e9el sc\u00e9nario. Formez-vous et obtenez la certification en 2 jours.\",\"breadcrumb\":{\"@id\":\"https:\/\/www.qrpinternational.be\/fr\/formations\/certification-msp\/formation-msp-practitioner\/#breadcrumb\"},\"inLanguage\":\"fr-FR\",\"potentialAction\":[{\"@type\":\"ReadAction\",\"target\":[\"https:\/\/www.qrpinternational.be\/fr\/formations\/certification-msp\/formation-msp-practitioner\/\"]}]},{\"@type\":\"BreadcrumbList\",\"@id\":\"https:\/\/www.qrpinternational.be\/fr\/formations\/certification-msp\/formation-msp-practitioner\/#breadcrumb\",\"itemListElement\":[{\"@type\":\"ListItem\",\"position\":1,\"name\":\"Home\",\"item\":\"https:\/\/www.qrpinternational.be\/fr\/\"},{\"@type\":\"ListItem\",\"position\":2,\"name\":\"Nos Formations\",\"item\":\"https:\/\/www.qrpinternational.be\/fr\/formations\/\"},{\"@type\":\"ListItem\",\"position\":3,\"name\":\"MSP\",\"item\":\"https:\/\/www.qrpinternational.be\/fr\/formations\/certification-msp\/\"},{\"@type\":\"ListItem\",\"position\":4,\"name\":\"MSP Practitioner\"}]},{\"@type\":\"WebSite\",\"@id\":\"https:\/\/www.qrpinternational.be\/#website\",\"url\":\"https:\/\/www.qrpinternational.be\/\",\"name\":\"Belgium\",\"description\":\"Developing Professionals\",\"potentialAction\":[{\"@type\":\"SearchAction\",\"target\":{\"@type\":\"EntryPoint\",\"urlTemplate\":\"https:\/\/www.qrpinternational.be\/?s={search_term_string}\"},\"query-input\":{\"@type\":\"PropertyValueSpecification\",\"valueRequired\":true,\"valueName\":\"search_term_string\"}}],\"inLanguage\":\"fr-FR\"}]}<\/script>\n<!-- \/ Yoast SEO plugin. -->","yoast_head_json":{"title":"Certification MSP Practitioner, gestion de programme | QRP","description":"Appliquez les concepts de la m\u00e9thodologie MSP \u00e0 un r\u00e9el sc\u00e9nario. Formez-vous et obtenez la certification en 2 jours.","robots":{"index":"index","follow":"follow","max-snippet":"max-snippet:-1","max-image-preview":"max-image-preview:large","max-video-preview":"max-video-preview:-1"},"canonical":"https:\/\/www.qrpinternational.be\/fr\/formations\/certification-msp\/formation-msp-practitioner\/","og_locale":"fr_FR","og_type":"article","og_title":"Certification MSP Practitioner, gestion de programme | QRP","og_description":"Appliquez les concepts de la m\u00e9thodologie MSP \u00e0 un r\u00e9el sc\u00e9nario. Formez-vous et obtenez la certification en 2 jours.","og_url":"https:\/\/www.qrpinternational.be\/fr\/formations\/certification-msp\/formation-msp-practitioner\/","og_site_name":"Belgium","article_modified_time":"2025-02-10T10:39:27+00:00","twitter_card":"summary_large_image","schema":{"@context":"https:\/\/schema.org","@graph":[{"@type":"WebPage","@id":"https:\/\/www.qrpinternational.be\/fr\/formations\/certification-msp\/formation-msp-practitioner\/","url":"https:\/\/www.qrpinternational.be\/fr\/formations\/certification-msp\/formation-msp-practitioner\/","name":"Certification MSP Practitioner, gestion de programme | QRP","isPartOf":{"@id":"https:\/\/www.qrpinternational.be\/#website"},"datePublished":"2016-12-20T14:40:12+00:00","dateModified":"2025-02-10T10:39:27+00:00","description":"Appliquez les concepts de la m\u00e9thodologie MSP \u00e0 un r\u00e9el sc\u00e9nario. Formez-vous et obtenez la certification en 2 jours.","breadcrumb":{"@id":"https:\/\/www.qrpinternational.be\/fr\/formations\/certification-msp\/formation-msp-practitioner\/#breadcrumb"},"inLanguage":"fr-FR","potentialAction":[{"@type":"ReadAction","target":["https:\/\/www.qrpinternational.be\/fr\/formations\/certification-msp\/formation-msp-practitioner\/"]}]},{"@type":"BreadcrumbList","@id":"https:\/\/www.qrpinternational.be\/fr\/formations\/certification-msp\/formation-msp-practitioner\/#breadcrumb","itemListElement":[{"@type":"ListItem","position":1,"name":"Home","item":"https:\/\/www.qrpinternational.be\/fr\/"},{"@type":"ListItem","position":2,"name":"Nos Formations","item":"https:\/\/www.qrpinternational.be\/fr\/formations\/"},{"@type":"ListItem","position":3,"name":"MSP","item":"https:\/\/www.qrpinternational.be\/fr\/formations\/certification-msp\/"},{"@type":"ListItem","position":4,"name":"MSP Practitioner"}]},{"@type":"WebSite","@id":"https:\/\/www.qrpinternational.be\/#website","url":"https:\/\/www.qrpinternational.be\/","name":"Belgium","description":"Developing Professionals","potentialAction":[{"@type":"SearchAction","target":{"@type":"EntryPoint","urlTemplate":"https:\/\/www.qrpinternational.be\/?s={search_term_string}"},"query-input":{"@type":"PropertyValueSpecification","valueRequired":true,"valueName":"search_term_string"}}],"inLanguage":"fr-FR"}]}},"_links":{"self":[{"href":"https:\/\/www.qrpinternational.be\/fr\/wp-json\/wp\/v2\/pages\/3254","targetHints":{"allow":["GET"]}}],"collection":[{"href":"https:\/\/www.qrpinternational.be\/fr\/wp-json\/wp\/v2\/pages"}],"about":[{"href":"https:\/\/www.qrpinternational.be\/fr\/wp-json\/wp\/v2\/types\/page"}],"author":[{"embeddable":true,"href":"https:\/\/www.qrpinternational.be\/fr\/wp-json\/wp\/v2\/users\/1"}],"replies":[{"embeddable":true,"href":"https:\/\/www.qrpinternational.be\/fr\/wp-json\/wp\/v2\/comments?post=3254"}],"version-history":[{"count":10,"href":"https:\/\/www.qrpinternational.be\/fr\/wp-json\/wp\/v2\/pages\/3254\/revisions"}],"predecessor-version":[{"id":47446,"href":"https:\/\/www.qrpinternational.be\/fr\/wp-json\/wp\/v2\/pages\/3254\/revisions\/47446"}],"up":[{"embeddable":true,"href":"https:\/\/www.qrpinternational.be\/fr\/wp-json\/wp\/v2\/pages\/3157"}],"wp:attachment":[{"href":"https:\/\/www.qrpinternational.be\/fr\/wp-json\/wp\/v2\/media?parent=3254"}],"curies":[{"name":"wp","href":"https:\/\/api.w.org\/{rel}","templated":true}]}}