{"id":3276,"date":"2016-12-20T15:55:00","date_gmt":"2016-12-20T14:55:00","guid":{"rendered":"https:\/\/www.qrpinternational.be\/?page_id=3276\/"},"modified":"2025-01-23T15:35:26","modified_gmt":"2025-01-23T14:35:26","slug":"formation-mop-practitioner","status":"publish","type":"page","link":"https:\/\/www.qrpinternational.be\/fr\/formations\/certification-mop\/formation-mop-practitioner\/","title":{"rendered":"MoP Practitioner"},"content":{"rendered":"","protected":false},"excerpt":{"rendered":"","protected":false},"author":1,"featured_media":0,"parent":3158,"menu_order":310,"comment_status":"closed","ping_status":"closed","template":"submethod_template.php","meta":{"_acf_changed":false,"footnotes":""},"class_list":["post-3276","page","type-page","status-publish","hentry"],"acf":[],"yoast_head":"<!-- This site is optimized with the Yoast SEO plugin v25.0 - https:\/\/yoast.com\/wordpress\/plugins\/seo\/ -->\n<title>M\u00e9thode MoP: processus de gestion de portefeuille projet | QRP<\/title>\n<meta name=\"description\" content=\"Appliquez la m\u00e9thode MoP \u00e0 un r\u00e9el sc\u00e9nario de portefeuille projets. Obtenez la certification en 2 jours. Manuel et examen inclus.\" \/>\n<meta name=\"robots\" content=\"index, follow, max-snippet:-1, max-image-preview:large, max-video-preview:-1\" \/>\n<link rel=\"canonical\" href=\"https:\/\/www.qrpinternational.be\/fr\/formations\/certification-mop\/formation-mop-practitioner\/\" \/>\n<meta property=\"og:locale\" content=\"fr_FR\" \/>\n<meta property=\"og:type\" content=\"article\" \/>\n<meta property=\"og:title\" content=\"M\u00e9thode MoP: processus de gestion de portefeuille projet | QRP\" \/>\n<meta property=\"og:description\" content=\"Appliquez la m\u00e9thode MoP \u00e0 un r\u00e9el sc\u00e9nario de portefeuille projets. Obtenez la certification en 2 jours. Manuel et examen inclus.\" \/>\n<meta property=\"og:url\" content=\"https:\/\/www.qrpinternational.be\/fr\/formations\/certification-mop\/formation-mop-practitioner\/\" \/>\n<meta property=\"og:site_name\" content=\"Belgium\" \/>\n<meta property=\"article:modified_time\" content=\"2025-01-23T14:35:26+00:00\" \/>\n<meta name=\"twitter:card\" content=\"summary_large_image\" \/>\n<script type=\"application\/ld+json\" class=\"yoast-schema-graph\">{\"@context\":\"https:\/\/schema.org\",\"@graph\":[{\"@type\":\"WebPage\",\"@id\":\"https:\/\/www.qrpinternational.be\/fr\/formations\/certification-mop\/formation-mop-practitioner\/\",\"url\":\"https:\/\/www.qrpinternational.be\/fr\/formations\/certification-mop\/formation-mop-practitioner\/\",\"name\":\"M\u00e9thode MoP: processus de gestion de portefeuille projet | QRP\",\"isPartOf\":{\"@id\":\"https:\/\/www.qrpinternational.be\/#website\"},\"datePublished\":\"2016-12-20T14:55:00+00:00\",\"dateModified\":\"2025-01-23T14:35:26+00:00\",\"description\":\"Appliquez la m\u00e9thode MoP \u00e0 un r\u00e9el sc\u00e9nario de portefeuille projets. Obtenez la certification en 2 jours. Manuel et examen inclus.\",\"breadcrumb\":{\"@id\":\"https:\/\/www.qrpinternational.be\/fr\/formations\/certification-mop\/formation-mop-practitioner\/#breadcrumb\"},\"inLanguage\":\"fr-FR\",\"potentialAction\":[{\"@type\":\"ReadAction\",\"target\":[\"https:\/\/www.qrpinternational.be\/fr\/formations\/certification-mop\/formation-mop-practitioner\/\"]}]},{\"@type\":\"BreadcrumbList\",\"@id\":\"https:\/\/www.qrpinternational.be\/fr\/formations\/certification-mop\/formation-mop-practitioner\/#breadcrumb\",\"itemListElement\":[{\"@type\":\"ListItem\",\"position\":1,\"name\":\"Home\",\"item\":\"https:\/\/www.qrpinternational.be\/fr\/\"},{\"@type\":\"ListItem\",\"position\":2,\"name\":\"Nos Formations\",\"item\":\"https:\/\/www.qrpinternational.be\/fr\/formations\/\"},{\"@type\":\"ListItem\",\"position\":3,\"name\":\"MoP\",\"item\":\"https:\/\/www.qrpinternational.be\/fr\/formations\/certification-mop\/\"},{\"@type\":\"ListItem\",\"position\":4,\"name\":\"MoP Practitioner\"}]},{\"@type\":\"WebSite\",\"@id\":\"https:\/\/www.qrpinternational.be\/#website\",\"url\":\"https:\/\/www.qrpinternational.be\/\",\"name\":\"Belgium\",\"description\":\"Developing Professionals\",\"potentialAction\":[{\"@type\":\"SearchAction\",\"target\":{\"@type\":\"EntryPoint\",\"urlTemplate\":\"https:\/\/www.qrpinternational.be\/?s={search_term_string}\"},\"query-input\":{\"@type\":\"PropertyValueSpecification\",\"valueRequired\":true,\"valueName\":\"search_term_string\"}}],\"inLanguage\":\"fr-FR\"}]}<\/script>\n<!-- \/ Yoast SEO plugin. -->","yoast_head_json":{"title":"M\u00e9thode MoP: processus de gestion de portefeuille projet | QRP","description":"Appliquez la m\u00e9thode MoP \u00e0 un r\u00e9el sc\u00e9nario de portefeuille projets. Obtenez la certification en 2 jours. Manuel et examen inclus.","robots":{"index":"index","follow":"follow","max-snippet":"max-snippet:-1","max-image-preview":"max-image-preview:large","max-video-preview":"max-video-preview:-1"},"canonical":"https:\/\/www.qrpinternational.be\/fr\/formations\/certification-mop\/formation-mop-practitioner\/","og_locale":"fr_FR","og_type":"article","og_title":"M\u00e9thode MoP: processus de gestion de portefeuille projet | QRP","og_description":"Appliquez la m\u00e9thode MoP \u00e0 un r\u00e9el sc\u00e9nario de portefeuille projets. Obtenez la certification en 2 jours. Manuel et examen inclus.","og_url":"https:\/\/www.qrpinternational.be\/fr\/formations\/certification-mop\/formation-mop-practitioner\/","og_site_name":"Belgium","article_modified_time":"2025-01-23T14:35:26+00:00","twitter_card":"summary_large_image","schema":{"@context":"https:\/\/schema.org","@graph":[{"@type":"WebPage","@id":"https:\/\/www.qrpinternational.be\/fr\/formations\/certification-mop\/formation-mop-practitioner\/","url":"https:\/\/www.qrpinternational.be\/fr\/formations\/certification-mop\/formation-mop-practitioner\/","name":"M\u00e9thode MoP: processus de gestion de portefeuille projet | QRP","isPartOf":{"@id":"https:\/\/www.qrpinternational.be\/#website"},"datePublished":"2016-12-20T14:55:00+00:00","dateModified":"2025-01-23T14:35:26+00:00","description":"Appliquez la m\u00e9thode MoP \u00e0 un r\u00e9el sc\u00e9nario de portefeuille projets. Obtenez la certification en 2 jours. Manuel et examen inclus.","breadcrumb":{"@id":"https:\/\/www.qrpinternational.be\/fr\/formations\/certification-mop\/formation-mop-practitioner\/#breadcrumb"},"inLanguage":"fr-FR","potentialAction":[{"@type":"ReadAction","target":["https:\/\/www.qrpinternational.be\/fr\/formations\/certification-mop\/formation-mop-practitioner\/"]}]},{"@type":"BreadcrumbList","@id":"https:\/\/www.qrpinternational.be\/fr\/formations\/certification-mop\/formation-mop-practitioner\/#breadcrumb","itemListElement":[{"@type":"ListItem","position":1,"name":"Home","item":"https:\/\/www.qrpinternational.be\/fr\/"},{"@type":"ListItem","position":2,"name":"Nos Formations","item":"https:\/\/www.qrpinternational.be\/fr\/formations\/"},{"@type":"ListItem","position":3,"name":"MoP","item":"https:\/\/www.qrpinternational.be\/fr\/formations\/certification-mop\/"},{"@type":"ListItem","position":4,"name":"MoP Practitioner"}]},{"@type":"WebSite","@id":"https:\/\/www.qrpinternational.be\/#website","url":"https:\/\/www.qrpinternational.be\/","name":"Belgium","description":"Developing Professionals","potentialAction":[{"@type":"SearchAction","target":{"@type":"EntryPoint","urlTemplate":"https:\/\/www.qrpinternational.be\/?s={search_term_string}"},"query-input":{"@type":"PropertyValueSpecification","valueRequired":true,"valueName":"search_term_string"}}],"inLanguage":"fr-FR"}]}},"_links":{"self":[{"href":"https:\/\/www.qrpinternational.be\/fr\/wp-json\/wp\/v2\/pages\/3276","targetHints":{"allow":["GET"]}}],"collection":[{"href":"https:\/\/www.qrpinternational.be\/fr\/wp-json\/wp\/v2\/pages"}],"about":[{"href":"https:\/\/www.qrpinternational.be\/fr\/wp-json\/wp\/v2\/types\/page"}],"author":[{"embeddable":true,"href":"https:\/\/www.qrpinternational.be\/fr\/wp-json\/wp\/v2\/users\/1"}],"replies":[{"embeddable":true,"href":"https:\/\/www.qrpinternational.be\/fr\/wp-json\/wp\/v2\/comments?post=3276"}],"version-history":[{"count":10,"href":"https:\/\/www.qrpinternational.be\/fr\/wp-json\/wp\/v2\/pages\/3276\/revisions"}],"predecessor-version":[{"id":47065,"href":"https:\/\/www.qrpinternational.be\/fr\/wp-json\/wp\/v2\/pages\/3276\/revisions\/47065"}],"up":[{"embeddable":true,"href":"https:\/\/www.qrpinternational.be\/fr\/wp-json\/wp\/v2\/pages\/3158"}],"wp:attachment":[{"href":"https:\/\/www.qrpinternational.be\/fr\/wp-json\/wp\/v2\/media?parent=3276"}],"curies":[{"name":"wp","href":"https:\/\/api.w.org\/{rel}","templated":true}]}}