{"id":3279,"date":"2016-12-20T15:55:11","date_gmt":"2016-12-20T14:55:11","guid":{"rendered":"https:\/\/www.qrpinternational.be\/?page_id=3279\/"},"modified":"2025-02-10T12:37:32","modified_gmt":"2025-02-10T11:37:32","slug":"formation-p3o-practitioner","status":"publish","type":"page","link":"https:\/\/www.qrpinternational.be\/fr\/formations\/certification-p3o\/formation-p3o-practitioner\/","title":{"rendered":"P3O Practitioner"},"content":{"rendered":"","protected":false},"excerpt":{"rendered":"","protected":false},"author":1,"featured_media":0,"parent":3159,"menu_order":324,"comment_status":"closed","ping_status":"closed","template":"submethod_template.php","meta":{"_acf_changed":false,"footnotes":""},"class_list":["post-3279","page","type-page","status-publish","hentry"],"acf":[],"yoast_head":"<!-- This site is optimized with the Yoast SEO plugin v25.0 - https:\/\/yoast.com\/wordpress\/plugins\/seo\/ -->\n<title>Certification P3O Practitioner, project management office |QRP<\/title>\n<meta name=\"description\" content=\"Appliquer la m\u00e9thode P3O \u00e0 un cas concret. A l&#039;issue de la formation, vous serez apte \u00e0 g\u00e9rer un bureau de projet ou PMO. Formez-vous!\" \/>\n<meta name=\"robots\" content=\"index, follow, max-snippet:-1, max-image-preview:large, max-video-preview:-1\" \/>\n<link rel=\"canonical\" href=\"https:\/\/www.qrpinternational.be\/fr\/formations\/certification-p3o\/formation-p3o-practitioner\/\" \/>\n<meta property=\"og:locale\" content=\"fr_FR\" \/>\n<meta property=\"og:type\" content=\"article\" \/>\n<meta property=\"og:title\" content=\"Certification P3O Practitioner, project management office |QRP\" \/>\n<meta property=\"og:description\" content=\"Appliquer la m\u00e9thode P3O \u00e0 un cas concret. A l&#039;issue de la formation, vous serez apte \u00e0 g\u00e9rer un bureau de projet ou PMO. Formez-vous!\" \/>\n<meta property=\"og:url\" content=\"https:\/\/www.qrpinternational.be\/fr\/formations\/certification-p3o\/formation-p3o-practitioner\/\" \/>\n<meta property=\"og:site_name\" content=\"Belgium\" \/>\n<meta property=\"article:modified_time\" content=\"2025-02-10T11:37:32+00:00\" \/>\n<meta name=\"twitter:card\" content=\"summary_large_image\" \/>\n<script type=\"application\/ld+json\" class=\"yoast-schema-graph\">{\"@context\":\"https:\/\/schema.org\",\"@graph\":[{\"@type\":\"WebPage\",\"@id\":\"https:\/\/www.qrpinternational.be\/fr\/formations\/certification-p3o\/formation-p3o-practitioner\/\",\"url\":\"https:\/\/www.qrpinternational.be\/fr\/formations\/certification-p3o\/formation-p3o-practitioner\/\",\"name\":\"Certification P3O Practitioner, project management office |QRP\",\"isPartOf\":{\"@id\":\"https:\/\/www.qrpinternational.be\/#website\"},\"datePublished\":\"2016-12-20T14:55:11+00:00\",\"dateModified\":\"2025-02-10T11:37:32+00:00\",\"description\":\"Appliquer la m\u00e9thode P3O \u00e0 un cas concret. A l'issue de la formation, vous serez apte \u00e0 g\u00e9rer un bureau de projet ou PMO. Formez-vous!\",\"breadcrumb\":{\"@id\":\"https:\/\/www.qrpinternational.be\/fr\/formations\/certification-p3o\/formation-p3o-practitioner\/#breadcrumb\"},\"inLanguage\":\"fr-FR\",\"potentialAction\":[{\"@type\":\"ReadAction\",\"target\":[\"https:\/\/www.qrpinternational.be\/fr\/formations\/certification-p3o\/formation-p3o-practitioner\/\"]}]},{\"@type\":\"BreadcrumbList\",\"@id\":\"https:\/\/www.qrpinternational.be\/fr\/formations\/certification-p3o\/formation-p3o-practitioner\/#breadcrumb\",\"itemListElement\":[{\"@type\":\"ListItem\",\"position\":1,\"name\":\"Home\",\"item\":\"https:\/\/www.qrpinternational.be\/fr\/\"},{\"@type\":\"ListItem\",\"position\":2,\"name\":\"Nos Formations\",\"item\":\"https:\/\/www.qrpinternational.be\/fr\/formations\/\"},{\"@type\":\"ListItem\",\"position\":3,\"name\":\"P3O\",\"item\":\"https:\/\/www.qrpinternational.be\/fr\/formations\/certification-p3o\/\"},{\"@type\":\"ListItem\",\"position\":4,\"name\":\"P3O Practitioner\"}]},{\"@type\":\"WebSite\",\"@id\":\"https:\/\/www.qrpinternational.be\/#website\",\"url\":\"https:\/\/www.qrpinternational.be\/\",\"name\":\"Belgium\",\"description\":\"Developing Professionals\",\"potentialAction\":[{\"@type\":\"SearchAction\",\"target\":{\"@type\":\"EntryPoint\",\"urlTemplate\":\"https:\/\/www.qrpinternational.be\/?s={search_term_string}\"},\"query-input\":{\"@type\":\"PropertyValueSpecification\",\"valueRequired\":true,\"valueName\":\"search_term_string\"}}],\"inLanguage\":\"fr-FR\"}]}<\/script>\n<!-- \/ Yoast SEO plugin. -->","yoast_head_json":{"title":"Certification P3O Practitioner, project management office |QRP","description":"Appliquer la m\u00e9thode P3O \u00e0 un cas concret. A l'issue de la formation, vous serez apte \u00e0 g\u00e9rer un bureau de projet ou PMO. Formez-vous!","robots":{"index":"index","follow":"follow","max-snippet":"max-snippet:-1","max-image-preview":"max-image-preview:large","max-video-preview":"max-video-preview:-1"},"canonical":"https:\/\/www.qrpinternational.be\/fr\/formations\/certification-p3o\/formation-p3o-practitioner\/","og_locale":"fr_FR","og_type":"article","og_title":"Certification P3O Practitioner, project management office |QRP","og_description":"Appliquer la m\u00e9thode P3O \u00e0 un cas concret. A l'issue de la formation, vous serez apte \u00e0 g\u00e9rer un bureau de projet ou PMO. Formez-vous!","og_url":"https:\/\/www.qrpinternational.be\/fr\/formations\/certification-p3o\/formation-p3o-practitioner\/","og_site_name":"Belgium","article_modified_time":"2025-02-10T11:37:32+00:00","twitter_card":"summary_large_image","schema":{"@context":"https:\/\/schema.org","@graph":[{"@type":"WebPage","@id":"https:\/\/www.qrpinternational.be\/fr\/formations\/certification-p3o\/formation-p3o-practitioner\/","url":"https:\/\/www.qrpinternational.be\/fr\/formations\/certification-p3o\/formation-p3o-practitioner\/","name":"Certification P3O Practitioner, project management office |QRP","isPartOf":{"@id":"https:\/\/www.qrpinternational.be\/#website"},"datePublished":"2016-12-20T14:55:11+00:00","dateModified":"2025-02-10T11:37:32+00:00","description":"Appliquer la m\u00e9thode P3O \u00e0 un cas concret. A l'issue de la formation, vous serez apte \u00e0 g\u00e9rer un bureau de projet ou PMO. Formez-vous!","breadcrumb":{"@id":"https:\/\/www.qrpinternational.be\/fr\/formations\/certification-p3o\/formation-p3o-practitioner\/#breadcrumb"},"inLanguage":"fr-FR","potentialAction":[{"@type":"ReadAction","target":["https:\/\/www.qrpinternational.be\/fr\/formations\/certification-p3o\/formation-p3o-practitioner\/"]}]},{"@type":"BreadcrumbList","@id":"https:\/\/www.qrpinternational.be\/fr\/formations\/certification-p3o\/formation-p3o-practitioner\/#breadcrumb","itemListElement":[{"@type":"ListItem","position":1,"name":"Home","item":"https:\/\/www.qrpinternational.be\/fr\/"},{"@type":"ListItem","position":2,"name":"Nos Formations","item":"https:\/\/www.qrpinternational.be\/fr\/formations\/"},{"@type":"ListItem","position":3,"name":"P3O","item":"https:\/\/www.qrpinternational.be\/fr\/formations\/certification-p3o\/"},{"@type":"ListItem","position":4,"name":"P3O Practitioner"}]},{"@type":"WebSite","@id":"https:\/\/www.qrpinternational.be\/#website","url":"https:\/\/www.qrpinternational.be\/","name":"Belgium","description":"Developing Professionals","potentialAction":[{"@type":"SearchAction","target":{"@type":"EntryPoint","urlTemplate":"https:\/\/www.qrpinternational.be\/?s={search_term_string}"},"query-input":{"@type":"PropertyValueSpecification","valueRequired":true,"valueName":"search_term_string"}}],"inLanguage":"fr-FR"}]}},"_links":{"self":[{"href":"https:\/\/www.qrpinternational.be\/fr\/wp-json\/wp\/v2\/pages\/3279","targetHints":{"allow":["GET"]}}],"collection":[{"href":"https:\/\/www.qrpinternational.be\/fr\/wp-json\/wp\/v2\/pages"}],"about":[{"href":"https:\/\/www.qrpinternational.be\/fr\/wp-json\/wp\/v2\/types\/page"}],"author":[{"embeddable":true,"href":"https:\/\/www.qrpinternational.be\/fr\/wp-json\/wp\/v2\/users\/1"}],"replies":[{"embeddable":true,"href":"https:\/\/www.qrpinternational.be\/fr\/wp-json\/wp\/v2\/comments?post=3279"}],"version-history":[{"count":10,"href":"https:\/\/www.qrpinternational.be\/fr\/wp-json\/wp\/v2\/pages\/3279\/revisions"}],"predecessor-version":[{"id":47485,"href":"https:\/\/www.qrpinternational.be\/fr\/wp-json\/wp\/v2\/pages\/3279\/revisions\/47485"}],"up":[{"embeddable":true,"href":"https:\/\/www.qrpinternational.be\/fr\/wp-json\/wp\/v2\/pages\/3159"}],"wp:attachment":[{"href":"https:\/\/www.qrpinternational.be\/fr\/wp-json\/wp\/v2\/media?parent=3279"}],"curies":[{"name":"wp","href":"https:\/\/api.w.org\/{rel}","templated":true}]}}