{"id":50818,"date":"2025-06-26T17:30:52","date_gmt":"2025-06-26T15:30:52","guid":{"rendered":"https:\/\/www.qrpinternational.be\/?page_id=50818"},"modified":"2025-06-26T17:30:52","modified_gmt":"2025-06-26T15:30:52","slug":"architecte-dentreprise","status":"publish","type":"page","link":"https:\/\/www.qrpinternational.be\/fr\/architecte-dentreprise\/","title":{"rendered":"Architecte d&rsquo;entreprise"},"content":{"rendered":"","protected":false},"excerpt":{"rendered":"","protected":false},"author":1,"featured_media":0,"parent":0,"menu_order":33,"comment_status":"closed","ping_status":"closed","template":"roles-template.php","meta":{"_acf_changed":false,"footnotes":""},"class_list":["post-50818","page","type-page","status-publish","hentry"],"acf":[],"yoast_head":"<!-- This site is optimized with the Yoast SEO plugin v25.0 - https:\/\/yoast.com\/wordpress\/plugins\/seo\/ -->\n<title>Enterprise Architect :les certifications cl\u00e9s | QRP Belgium<\/title>\n<meta name=\"description\" content=\"D\u00e9veloppez votre carri\u00e8re avec les certifications TOGAF, ITIL, COBIT et CISA, cl\u00e9s du succ\u00e8s pour les Enterprise Architects.\" \/>\n<meta name=\"robots\" content=\"index, follow, max-snippet:-1, max-image-preview:large, max-video-preview:-1\" \/>\n<link rel=\"canonical\" href=\"https:\/\/www.qrpinternational.be\/fr\/architecte-dentreprise\/\" \/>\n<meta property=\"og:locale\" content=\"fr_FR\" \/>\n<meta property=\"og:type\" content=\"article\" \/>\n<meta property=\"og:title\" content=\"Enterprise Architect :les certifications cl\u00e9s | QRP Belgium\" \/>\n<meta property=\"og:description\" content=\"D\u00e9veloppez votre carri\u00e8re avec les certifications TOGAF, ITIL, COBIT et CISA, cl\u00e9s du succ\u00e8s pour les Enterprise Architects.\" \/>\n<meta property=\"og:url\" content=\"https:\/\/www.qrpinternational.be\/fr\/architecte-dentreprise\/\" \/>\n<meta property=\"og:site_name\" content=\"Belgium\" \/>\n<meta name=\"twitter:card\" content=\"summary_large_image\" \/>\n<script type=\"application\/ld+json\" class=\"yoast-schema-graph\">{\"@context\":\"https:\/\/schema.org\",\"@graph\":[{\"@type\":\"WebPage\",\"@id\":\"https:\/\/www.qrpinternational.be\/fr\/architecte-dentreprise\/\",\"url\":\"https:\/\/www.qrpinternational.be\/fr\/architecte-dentreprise\/\",\"name\":\"Enterprise Architect :les certifications cl\u00e9s | QRP Belgium\",\"isPartOf\":{\"@id\":\"https:\/\/www.qrpinternational.be\/#website\"},\"datePublished\":\"2025-06-26T15:30:52+00:00\",\"description\":\"D\u00e9veloppez votre carri\u00e8re avec les certifications TOGAF, ITIL, COBIT et CISA, cl\u00e9s du succ\u00e8s pour les Enterprise Architects.\",\"breadcrumb\":{\"@id\":\"https:\/\/www.qrpinternational.be\/fr\/architecte-dentreprise\/#breadcrumb\"},\"inLanguage\":\"fr-FR\",\"potentialAction\":[{\"@type\":\"ReadAction\",\"target\":[\"https:\/\/www.qrpinternational.be\/fr\/architecte-dentreprise\/\"]}]},{\"@type\":\"BreadcrumbList\",\"@id\":\"https:\/\/www.qrpinternational.be\/fr\/architecte-dentreprise\/#breadcrumb\",\"itemListElement\":[{\"@type\":\"ListItem\",\"position\":1,\"name\":\"Home\",\"item\":\"https:\/\/www.qrpinternational.be\/fr\/\"},{\"@type\":\"ListItem\",\"position\":2,\"name\":\"Architecte d&#8217;entreprise\"}]},{\"@type\":\"WebSite\",\"@id\":\"https:\/\/www.qrpinternational.be\/#website\",\"url\":\"https:\/\/www.qrpinternational.be\/\",\"name\":\"Belgium\",\"description\":\"Developing Professionals\",\"potentialAction\":[{\"@type\":\"SearchAction\",\"target\":{\"@type\":\"EntryPoint\",\"urlTemplate\":\"https:\/\/www.qrpinternational.be\/?s={search_term_string}\"},\"query-input\":{\"@type\":\"PropertyValueSpecification\",\"valueRequired\":true,\"valueName\":\"search_term_string\"}}],\"inLanguage\":\"fr-FR\"}]}<\/script>\n<!-- \/ Yoast SEO plugin. -->","yoast_head_json":{"title":"Enterprise Architect :les certifications cl\u00e9s | QRP Belgium","description":"D\u00e9veloppez votre carri\u00e8re avec les certifications TOGAF, ITIL, COBIT et CISA, cl\u00e9s du succ\u00e8s pour les Enterprise Architects.","robots":{"index":"index","follow":"follow","max-snippet":"max-snippet:-1","max-image-preview":"max-image-preview:large","max-video-preview":"max-video-preview:-1"},"canonical":"https:\/\/www.qrpinternational.be\/fr\/architecte-dentreprise\/","og_locale":"fr_FR","og_type":"article","og_title":"Enterprise Architect :les certifications cl\u00e9s | QRP Belgium","og_description":"D\u00e9veloppez votre carri\u00e8re avec les certifications TOGAF, ITIL, COBIT et CISA, cl\u00e9s du succ\u00e8s pour les Enterprise Architects.","og_url":"https:\/\/www.qrpinternational.be\/fr\/architecte-dentreprise\/","og_site_name":"Belgium","twitter_card":"summary_large_image","schema":{"@context":"https:\/\/schema.org","@graph":[{"@type":"WebPage","@id":"https:\/\/www.qrpinternational.be\/fr\/architecte-dentreprise\/","url":"https:\/\/www.qrpinternational.be\/fr\/architecte-dentreprise\/","name":"Enterprise Architect :les certifications cl\u00e9s | QRP Belgium","isPartOf":{"@id":"https:\/\/www.qrpinternational.be\/#website"},"datePublished":"2025-06-26T15:30:52+00:00","description":"D\u00e9veloppez votre carri\u00e8re avec les certifications TOGAF, ITIL, COBIT et CISA, cl\u00e9s du succ\u00e8s pour les Enterprise Architects.","breadcrumb":{"@id":"https:\/\/www.qrpinternational.be\/fr\/architecte-dentreprise\/#breadcrumb"},"inLanguage":"fr-FR","potentialAction":[{"@type":"ReadAction","target":["https:\/\/www.qrpinternational.be\/fr\/architecte-dentreprise\/"]}]},{"@type":"BreadcrumbList","@id":"https:\/\/www.qrpinternational.be\/fr\/architecte-dentreprise\/#breadcrumb","itemListElement":[{"@type":"ListItem","position":1,"name":"Home","item":"https:\/\/www.qrpinternational.be\/fr\/"},{"@type":"ListItem","position":2,"name":"Architecte d&#8217;entreprise"}]},{"@type":"WebSite","@id":"https:\/\/www.qrpinternational.be\/#website","url":"https:\/\/www.qrpinternational.be\/","name":"Belgium","description":"Developing Professionals","potentialAction":[{"@type":"SearchAction","target":{"@type":"EntryPoint","urlTemplate":"https:\/\/www.qrpinternational.be\/?s={search_term_string}"},"query-input":{"@type":"PropertyValueSpecification","valueRequired":true,"valueName":"search_term_string"}}],"inLanguage":"fr-FR"}]}},"_links":{"self":[{"href":"https:\/\/www.qrpinternational.be\/fr\/wp-json\/wp\/v2\/pages\/50818","targetHints":{"allow":["GET"]}}],"collection":[{"href":"https:\/\/www.qrpinternational.be\/fr\/wp-json\/wp\/v2\/pages"}],"about":[{"href":"https:\/\/www.qrpinternational.be\/fr\/wp-json\/wp\/v2\/types\/page"}],"author":[{"embeddable":true,"href":"https:\/\/www.qrpinternational.be\/fr\/wp-json\/wp\/v2\/users\/1"}],"replies":[{"embeddable":true,"href":"https:\/\/www.qrpinternational.be\/fr\/wp-json\/wp\/v2\/comments?post=50818"}],"version-history":[{"count":1,"href":"https:\/\/www.qrpinternational.be\/fr\/wp-json\/wp\/v2\/pages\/50818\/revisions"}],"predecessor-version":[{"id":50837,"href":"https:\/\/www.qrpinternational.be\/fr\/wp-json\/wp\/v2\/pages\/50818\/revisions\/50837"}],"wp:attachment":[{"href":"https:\/\/www.qrpinternational.be\/fr\/wp-json\/wp\/v2\/media?parent=50818"}],"curies":[{"name":"wp","href":"https:\/\/api.w.org\/{rel}","templated":true}]}}